{"id":1281,"date":"2016-01-14T20:18:28","date_gmt":"2016-01-14T20:18:28","guid":{"rendered":"http:\/\/yuenmethod.com\/certified_members\/?page_id=1281"},"modified":"2023-08-03T21:35:13","modified_gmt":"2023-08-03T21:35:13","slug":"certified-instructors","status":"publish","type":"page","link":"https:\/\/yuenmethod.com\/certified_members\/certified-instructors\/","title":{"rendered":"Certified Instructors"},"content":{"rendered":"<p><img decoding=\"async\" src=\"https:\/\/yuenmethod.com\/certified_members\/wp-content\/uploads\/2020\/11\/Yuen_Method_Seal-1.png\" \/><\/p>\n<h3>What is a Yuen Method Certified Instructor?<\/h3>\n<p>Yuen Method Certified Instructors have participated in a minimum of six training modules, and at least one, five week Tele-Clinic.\u00a0 They have completed the Official Yuen Method certified consultant one- year program, plus an additional three years of personalized monthly training with Dr. Yuen, and they are required to participate each calendar year in the latest training courses with Dr. Yuen.<\/p>\n<p>The names listed below are the ONLY Certified Instructors\u00a0AUTHORIZED to TEACH\u00a0the Yuen Method. We do not authorize any other TITLES &#8211; such as Facilitator or Coach &#8211; please send any questions or if you want to report any misrepresentations of the Yuen Method, please send an email to CONTACTUS@YUENMETHOD.COM.<\/p>\n<p>They are tested to ensure they know the latest techniques and methods Dr. Yuen has being using to improve hundreds of thousands of lives for over half a century.<\/p>\n<p>They are licensed to teach Yuen Method Modules<\/p>\n<h3>Are Certified Instructors Licensed to teach specialized courses, or Modules other than 1-2-3?<\/h3>\n<p>Yes.\u00a0Once you are certified you can teach the modules too.<\/p>\n<p><strong>Important notice for all students that register for the Yuen Method Training Modules 1,2, or 3 with a Yuen Method Certified Instructor:<\/strong><\/p>\n<p><strong>Instructor\u2019s Registered Students for Training Module 1,2, and 3:<\/strong><br \/>\nYuen Method Certified Instructors are required to register each student on the Official Yuen Method website for the equivalent Training Module being taught.<br \/>\nEach registered student will then have access to a Yuen Method\u00ae membership area, which will include: Dr. Kam Yuen\u2019s video trainings on the Module the student was registered for, a Yuen Method\u00ae official chart, the Yuen Method\u00ae three-video fundamentals course, official credit and an enrollment confirmation towards certification as a Yuen Method\u00ae Consultant (\u201cConsultant\u201d).<\/p>\n<p>No Instructor shall issue to any student any certificate or other written acknowledgment of training in any of the Yuen Method\u00ae, Metodo Yuen\u2122, or any other methods, techniques or practices made known by Kam Yuen, MM or anyone acting on behalf of either of them.<\/p>\n<h3><strong><span style=\"color: #000080;\">\u00bfQu\u00e9 es un Instructor Certificado en el M\u00e9todo Yuen?<\/span><\/strong><\/h3>\n<p><span style=\"color: #000080;\">Los instructores Certificados en el M\u00e9todo Yuen han participado en un m\u00ednimo de seis m\u00f3dulos de entrenamiento y por lo menos una Tele-Cl\u00ednica de cinco semanas. Han hecho el programa por un a\u00f1o del M\u00e9todo Yuen Oficial para consultores, adem\u00e1s de tres a\u00f1os de entrenamiento personalizados con el Dr. Yuen, y se requiere que participen cada a\u00f1o en los cursos m\u00e1s recientes del Dr. Yuen.<\/span><\/p>\n<p><span style=\"color: #000080;\">Los nombres que est\u00e1n listados a continuaci\u00f3n son los \u00daNICOS Instructores Certificados AUTORIZADOS para ENSE\u00d1AR el M\u00c9TODO Yuen. No se autoriza a ning\u00fan otro TITULAR \u2013 tales como Facilitador o Coach \u2013 favor de enviar cualquier duda o si desea reportar cualquiera que no est\u00e9 autorizado en el M\u00e9todo Yuen, envi\u00e9 un email a CONTACTUS@YUENMETHOD.COM.<\/span><\/p>\n<p><span style=\"color: #000080;\">Pasan por un examen para asegurar que saben las t\u00e9cnicas y m\u00e9todos que el Dr. Yuen ha utilizado para mejorar a cientos de miles de vidas ya por m\u00e1s de medio siglo.<\/span><\/p>\n<p><span style=\"color: #000080;\">Ellos tienen licencia para ense\u00f1ar los Modulos 1,2 y 3 del M\u00e9todo Yuen.<\/span><\/p>\n<h3><span style=\"color: #000080;\">\u00bfLos Instructores Certificados est\u00e1n autorizados o tienen licencia para ense\u00f1ar cursos especializados o m\u00f3dulos aparte de los 3 primeros, 1,2,3?<\/span><\/h3>\n<p><span style=\"color: #000080;\">No. \u00danicamente el Dr. Yuen ense\u00f1a los m\u00f3dulos 4 al 9 y cursos especializados.<\/span><\/p>\n<p><span style=\"color: #000080;\"><strong>Nota importante para todos los estudiantes que se inscriban para los M\u00f3dulos de Entrenamiento en el M\u00e9todo Yuen 1,2,3 a trav\u00e9s de un Instructor Certificado en el M\u00e9todo Yuen:<\/strong> <\/span><\/p>\n<p><strong><span style=\"color: #000080;\">Estudiantes inscritos por el Instructor en los M\u00f3dulos de Entrenamiento 1,2 y 3:<\/span><\/strong><br \/>\n<span style=\"color: #000080;\">Se requiere que los Instructores Certificados registren a cada estudiante del M\u00e9todo Yuen Oficial en su sitio web para el Modulo Equivalente que se ense\u00f1a.<\/span><br \/>\n<span style=\"color: #000080;\">Cada estudiante inscrito tendr\u00e1 acceso a un \u00e1rea de miembros de Yuen Method\u00ae, donde dispondr\u00e1 de: formaci\u00f3n en video del Dr. Kam Yuen del m\u00f3dulo en que se inscribi\u00f3 el estudiante, un gr\u00e1fico oficial del M\u00e9todo Yuen, el curso de tres v\u00eddeos sobre los Fundamentos del M\u00e9todo Yuen\u2122, y el\/los cr\u00e9dito(-s) oficial(-es) y una confirmaci\u00f3n de la inscripci\u00f3n para ir adquiriendo los requisitos para obtener la certificaci\u00f3n como consultor el M\u00e9todo YuenTM (&#8220;Consultor &#8220;). <\/span><\/p>\n<p><span style=\"color: #000080;\">Ning\u00fan Instructor expedir\u00e1 a ning\u00fan estudiante ning\u00fan certificado u otro reconocimiento por escrito de la formaci\u00f3n en cualquiera de las t\u00e9cnicas o pr\u00e1cticas de Yuen Method\u00ae, M\u00e9todo Yuen\u2122, o cualesquiera otros, t\u00e9cnicas o pr\u00e1cticas dadas a conocer por Kam Yuen, MM o cualquier persona que act\u00fae en nombre de cualquiera de ellos.<\/span><\/p>\n<h3><\/h3>\n<h3>All Certified Instructors:<\/h3>\n<h4>Certified in 2012 &#8211; English Certification Program<\/h4>\n<p><strong><a href=\"https:\/\/yuenmethod.clickfunnels.com\/certified-instructor-geetha-padmanabhan\">Certified Instructor &#8211; Geetha Padmanabhan<\/a><\/strong><br \/>\n<strong> <a href=\"https:\/\/yuenmethod.clickfunnels.com\/optinpazsoemesuy2rocb\" target=\"_blank\" rel=\"noopener noreferrer\"><br \/>\nMaria Diepgen &#8211; Bavaria &#8211; Germany <\/a><\/strong><br \/>\n<strong><a href=\"https:\/\/yuenmethod.clickfunnels.com\/optinpazsoeme8ij7puh9l8dg1gqhfcgviotqyqql8bthiyylw9r4X\" target=\"_blank\" rel=\"noopener noreferrer\">Amanda Woo &#8211; Deep Water Bay, Hong Kong &#8211; Hong Kong<br \/>\n<\/a><\/strong><br \/>\n<strong> <a href=\"https:\/\/yuenmethod.com\/certified_members\/?p=800\" target=\"_blank\" rel=\"noopener noreferrer\">Amelia Rodriguez \u00a0&#8211; Calahorra, La Rioja &#8211; Spain <\/a><\/strong><br \/>\n<strong> <a href=\"#\"><br \/>\n<\/a><\/strong><strong><a href=\"https:\/\/yuenmethod.com\/certified_members\/?p=811X\" target=\"_blank\" rel=\"noopener noreferrer\">Brigtta Dunki &#8211; \u00a0Hong Kong &#8211;\u00a0Hong Kong<\/a><\/strong><br \/>\n<strong> <a href=\"https:\/\/yuenmethod.clickfunnels.com\/optinpazsoemeyxt0becnokjrunxv\" target=\"_blank\" rel=\"noopener noreferrer\"><br \/>\nChaim Alexander \u00a0&#8211; Brooklyn, NY &#8211; United States <\/a><\/strong><br \/>\n<strong> <a href=\"https:\/\/yuenmethod.clickfunnels.com\/optinpazsoemeydbjzn8g\" target=\"_blank\" rel=\"noopener noreferrer\"><br \/>\nDarlene Jalava &#8211; Abbotsford, B C &#8211; Canada <\/a><\/strong><br \/>\n<strong> <a href=\"https:\/\/yuenmethod.clickfunnels.com\/optin-8382415\" target=\"_blank\" rel=\"noopener noreferrer\"><br \/>\nDonald Nadrofsky &#8211; Salmon Arm, British Columbia &#8211; Canada<\/a><\/strong><br \/>\n<strong> <a href=\"https:\/\/yuenmethod.clickfunnels.com\/optin-8382421\" target=\"_blank\" rel=\"noopener noreferrer\"><br \/>\nDr. Ingo Kahl &#8211; Neumonster, Schleswig-Holstein &#8211; Germany <\/a><\/strong><br \/>\n<strong> <a href=\"https:\/\/yuenmethod.clickfunnels.com\/optinpazsoemeyxt0becnokjrunxvtrtebngmgi7fukvt\" target=\"_blank\" rel=\"noopener noreferrer\"><br \/>\nEllen Kratka &#8211; Woodbury, CT &#8211; United States <\/a><\/strong><br \/>\n<strong> <a href=\"https:\/\/yuenmethod.com\/certified_members\/?p=1031x\" target=\"_blank\" rel=\"noopener noreferrer\"><br \/>\nGerda Veneman &#8211; Elizaville, New York &#8211; United States<\/a><\/strong><br \/>\n<strong> <a href=\"https:\/\/yuenmethod.clickfunnels.com\/optinpazsoemerlitblfi\" target=\"_blank\" rel=\"noopener noreferrer\"><br \/>\n<\/a><a href=\"https:\/\/yuenmethod.clickfunnels.com\/optin8331410X\" target=\"_blank\" rel=\"noopener noreferrer\">Hedy Aigner &#8211; Ferschnitz, <\/a><a href=\"https:\/\/yuenmethod.clickfunnels.com\/optin8331410X\" target=\"_blank\" rel=\"noopener noreferrer\">Nieder\u00f6sterreich <\/a><a href=\"https:\/\/yuenmethod.clickfunnels.com\/optin8331410X\" target=\"_blank\" rel=\"noopener noreferrer\">\u00a0&#8211; Austria<\/a> <\/strong><br \/>\n<strong> <a href=\"https:\/\/yuenmethod.clickfunnels.com\/optinpazsoemeyxt0becnokjrunxvtrtebngmgi7fukvt5lpauwwv\" target=\"_blank\" rel=\"noopener noreferrer\"><br \/>\nBart Smyth &#8211; Stockholm, Sweden<\/a><\/strong><br \/>\n<strong> <a href=\"https:\/\/yuenmethod.clickfunnels.com\/optin84o7ioky\" target=\"_blank\" rel=\"noopener noreferrer\"><br \/>\nJarka Pajk &#8211; Salmon Arm, British Columbia &#8211; Canada <\/a><\/strong><br \/>\n<strong> <a href=\"https:\/\/yuenmethod.clickfunnels.com\/optinpazsoemerljc1qi1\" target=\"_blank\" rel=\"noopener noreferrer\"><br \/>\nJudith Morales &#8211; Brownsville, Texas &#8211; United States<\/a><\/strong><br \/>\n<strong> <a href=\"https:\/\/yuenmethod.clickfunnels.com\/optinpazsoeme8ij7puh9\" target=\"_blank\" rel=\"noopener noreferrer\"><br \/>\nJulie Rahm &#8211; Oriental, NC &#8211; United States <\/a><\/strong><br \/>\n<strong> <a href=\"https:\/\/yuenmethod.clickfunnels.com\/optin-8422079X\" target=\"_blank\" rel=\"noopener noreferrer\"><br \/>\nJulien Willm &#8211; St. John&#8217;s, NL &#8211; Canada<\/a><\/strong><br \/>\n<strong> <a href=\"https:\/\/yuenmethod.com\/certified_members\/?p=847X\" target=\"_blank\" rel=\"noopener noreferrer\"><br \/>\nKaren Betten &#8211; Larchmont, NY &#8211; United States<\/a><\/strong><br \/>\n<strong> <a href=\"https:\/\/yuenmethod.com\/certified_members\/?p=849\" target=\"_blank\" rel=\"noopener noreferrer\"><br \/>\nKarin Boucher &#8211; Dalby, Skane &#8211; Sweden <\/a><\/strong><br \/>\n<strong> <a href=\"https:\/\/yuenmethod.clickfunnels.com\/optin-8383133\" target=\"_blank\" rel=\"noopener noreferrer\"><br \/>\nKay Sasaki \u00a0&#8211; Portland, OR &#8211; United States <\/a><\/strong><br \/>\n<strong><a href=\"https:\/\/yuenmethod.clickfunnels.com\/optin-8382425\" target=\"_blank\" rel=\"noopener noreferrer\"><br \/>\nLaura Turner &#8211; Mt. Shasta, \u00a0California &#8211; United States<br \/>\n<\/a><\/strong><strong><a href=\"https:\/\/yuenmethod.clickfunnels.com\/optin-8398874\" target=\"_blank\" rel=\"noopener noreferrer\"><br \/>\nMariam Shubbak &#8211; Maspalomas, Las Palmas &#8211; Spain <\/a><\/strong><br \/>\n<strong> <a href=\"https:\/\/yuenmethod.com\/certified_members\/?p=860\" target=\"_blank\" rel=\"noopener noreferrer\"><br \/>\nMarta Gros &#8211; Terrassa, Spain &#8211; Spain <\/a><\/strong><br \/>\n<strong> <a href=\"https:\/\/yuenmethod.clickfunnels.com\/optinm0z60qvj\" target=\"_blank\" rel=\"noopener noreferrer\"><br \/>\nMary Fox &#8211; Masonville, CO &#8211; United States<\/a><\/strong><br \/>\n<strong> <a href=\"https:\/\/yuenmethod.clickfunnels.com\/optinpazsoemeklplx1cx\" target=\"_blank\" rel=\"noopener noreferrer\"><br \/>\nMeei Meei Soong &#8211; Richmond, CA &#8211; United States<\/a><\/strong><br \/>\n<strong> <a href=\"https:\/\/yuenmethod.com\/certified_members\/?p=869\" target=\"_blank\" rel=\"noopener noreferrer\"><br \/>\nNeal White &#8211; Pahoa, HI &#8211; United States <\/a><\/strong><br \/>\n<strong> <a href=\"https:\/\/yuenmethod.clickfunnels.com\/optinpazsoeme8ij7puh9l8dg1gqh\" target=\"_blank\" rel=\"noopener noreferrer\"><br \/>\nRobert Novak &#8211; Valparaiso, IN &#8211; United States <\/a><\/strong><br \/>\n<strong> <a href=\"https:\/\/yuenmethod.com\/certified_members\/?p=873\" target=\"_blank\" rel=\"noopener noreferrer\"><br \/>\nSarah Gonzalez-Myers &#8211; Arcadia, FL &#8211; United States <\/a><\/strong><br \/>\n<strong> <a href=\"https:\/\/yuenmethod.clickfunnels.com\/optin8331526\" target=\"_blank\" rel=\"noopener noreferrer\"><br \/>\nSharon Fan \u00a0&#8211; Ojai, California &#8211; United States <\/a><\/strong><br \/>\n<strong> <a href=\"https:\/\/yuenmethod.com\/certified_members\/listing\/sharon-tong-tsim-sha-tsui-kowloon-hong-kong-certified-instructor\/\" target=\"_blank\" rel=\"noopener noreferrer\"><br \/>\nSharon Tong \u00a0&#8211; Tsim Sha Tsui, Kowloon &#8211; Hong Kong<\/a><\/strong><br \/>\n<strong> <a href=\"https:\/\/yuenmethod.clickfunnels.com\/optin8331398\" target=\"_blank\" rel=\"noopener noreferrer\"><br \/>\nStephen Dupre &#8211; Upton, MA &#8211; United States <\/a><\/strong><br \/>\n<strong> <a href=\"https:\/\/yuenmethod.clickfunnels.com\/optinpazsoeme0jhjnlyq\" target=\"_blank\" rel=\"noopener noreferrer\"><br \/>\nSuzanne Carrier &#8211; Bow, NH &#8211; United States <\/a><\/strong><br \/>\n<strong> <a href=\"https:\/\/yuenmethod.clickfunnels.com\/optin8331200\" target=\"_blank\" rel=\"noopener noreferrer\"><br \/>\nTerry Lloyd &#8211; Bolton, CT &#8211; United States<\/a><\/strong><br \/>\n<strong> <a href=\"https:\/\/yuenmethod.com\/certified_members\/?p=886X\" target=\"_blank\" rel=\"noopener noreferrer\"><br \/>\nWayne Mah &#8211; Burnaby, British Columbia &#8211; Canada<\/a><\/strong><\/p>\n<p>&nbsp;<\/p>\n<h3>Certified in 2013 &#8211; Spanish Certification Program<\/h3>\n<p><strong><a href=\"https:\/\/yuenmethod.com\/certified_members\/?p=763\" target=\"_blank\" rel=\"noopener noreferrer\"><br \/>\nAngel De Castro &#8211; San Sebastion de los Reyes, Madrid &#8211; Spain<\/a><\/strong><br \/>\n<strong><a href=\"https:\/\/yuenmethod.com\/certified_members\/listing\/manuel-alberto-gauthereau-alvarez-nuevo-leon-mexico\/\" target=\"_blank\" rel=\"noopener noreferrer\"><br \/>\nAlberto Gauthereau &#8211; Mexico\u00a0\u00a0 <span style=\"color: #800000;\">De-Certified<\/span><\/a><\/strong><br \/>\n<strong> <a href=\"https:\/\/yuenmethod.com\/certified_members\/?p=962\" target=\"_blank\" rel=\"noopener noreferrer\"><br \/>\nAlberto De Castro Encinas &#8211; S.S. De los Reyes, Madrid &#8211; Spain <\/a><\/strong><br \/>\n<strong><a href=\"https:\/\/yuenmethod.com\/certified_members\/?p=977\" target=\"_blank\" rel=\"noopener noreferrer\"><br \/>\nAshok Nair &#8211; Havant, Hampshire &#8211; United Kingdom <\/a><\/strong><br \/>\n<strong> <a href=\"https:\/\/yuenmethod.com\/certified_members\/?p=985\" target=\"_blank\" rel=\"noopener noreferrer\"><br \/>\nBlanca Esthela Diaz Gloria &#8211; Mexico <\/a><a href=\"https:\/\/yuenmethod.com\/certified_members\/listing\/manuel-alberto-gauthereau-alvarez-nuevo-leon-mexico\/\" target=\"_blank\" rel=\"noopener noreferrer\"><span style=\"color: #800000;\">De-Certified<\/span><\/a><\/strong><br \/>\n<strong> <a href=\"https:\/\/yuenmethod.com\/certified_members\/?p=966\" target=\"_blank\" rel=\"noopener noreferrer\"><br \/>\nChristine Nobel\u00a0&#8211; Hereford, Herefordshire &#8211; United Kingdom <\/a><\/strong><br \/>\n<strong><a href=\"https:\/\/yuenmethod.com\/certified_members\/?p=1086\" target=\"_blank\" rel=\"noopener noreferrer\"> Eugenio L\u00f3pez de Haro &#8211; Bilbao &#8211; Spain <\/a><\/strong><br \/>\n<strong> <a href=\"https:\/\/yuenmethod.com\/certified_members\/?p=995\" target=\"_blank\" rel=\"noopener noreferrer\"><br \/>\nGuillermo Munoz\u00a0Ruiz de la Pena &#8211; Garza Garcia, NL &#8211; Mexico <\/a><\/strong><br \/>\n<strong> <a href=\"https:\/\/yuenmethod.com\/certified_members\/?p=1001\" target=\"_blank\" rel=\"noopener noreferrer\"><br \/>\nLuis Nobrega &#8211; La Laguna, Santa Cruz De Tenerife &#8211; Spain <\/a><\/strong><br \/>\n<strong> <a href=\"https:\/\/yuenmethod.com\/certified_members\/?p=1003\" target=\"_blank\" rel=\"noopener noreferrer\"><br \/>\nMafalda Lamas &#8211; Espana, Spain<\/a><\/strong><br \/>\n<strong> <a href=\"https:\/\/yuenmethod.com\/certified_members\/?p=1007\" target=\"_blank\" rel=\"noopener noreferrer\"><br \/>\nMaria del Pino Del Castillo &#8211; Santa\u00a0Brigida, Las Palmas &#8211; Spain <\/a><\/strong><br \/>\n<strong><a href=\"https:\/\/yuenmethod.com\/certified_members\/?p=1012\" target=\"_blank\" rel=\"noopener noreferrer\"><br \/>\nMonica Fleiderman K\u00e4nzig &#8211; Solothurn &#8211; Switzerland <\/a><\/strong><br \/>\n<strong> <a href=\"#\"><br \/>\n<\/a><a href=\"https:\/\/yuenmethod.com\/certified_members\/?p=1014\" target=\"_blank\" rel=\"noopener noreferrer\">Neus Roque &#8211; Sant Cugat, Barcelona &#8211; Spain <\/a><\/strong><br \/>\n<strong> <a href=\"https:\/\/yuenmethod.com\/certified_members\/?p=1018\" target=\"_blank\" rel=\"noopener noreferrer\"><br \/>\nPurificacion Bartolome &#8211; Barcelona &#8211; Spain <\/a><\/strong><br \/>\n<strong> <a href=\"https:\/\/yuenmethod.com\/certified_members\/?p=1023\" target=\"_blank\" rel=\"noopener noreferrer\"><br \/>\nSixto Sanchez &#8211; Anaheim, California &#8211; United States<\/a><\/strong><br \/>\n<strong> <a href=\"https:\/\/yuenmethod.com\/certified_members\/?p=1026\" target=\"_blank\" rel=\"noopener noreferrer\"><br \/>\nTeresa Sainz de Guth &#8211; Valencia &#8211; Spain <\/a><\/strong><\/p>\n<h3>Certified in 2017<\/h3>\n<p><strong><a href=\"https:\/\/yuenmethod.clickfunnels.com\/certified-instructor-dr-milad-meamarian-nd\">Dr. Milad Meamarian, ND &#8211; Certified Instructor<\/a><\/strong><br \/>\n<strong><a href=\"https:\/\/yuenmethod.clickfunnels.com\/optin14503391\">Ismail Eldemellawy &#8211; Certified Instructor<\/a><\/strong><\/p>\n<h3>Certified in 2019<\/h3>\n<p><strong><a href=\"https:\/\/yuenmethod.clickfunnels.com\/certified-instructor-carmina-lopez-araiza\">Carmina L\u00f3pez Araiza &#8211; Certified Instructor<\/a><\/strong><\/p>\n<p><strong><a href=\"https:\/\/yuenmethod.clickfunnels.com\/certified-instructor-amparo-bordon-gutierrez7ii08epd\">Amparo Bord\u00f3n Guti\u00e9rrez &#8211; Certified Instructor<\/a><\/strong><br \/>\n<strong><a href=\"https:\/\/yuenmethod.clickfunnels.com\/certified-instructor-jose-palomo\">Certified Instructor &#8211; Jos\u00e9 Palomo<\/a><\/strong><strong><a href=\"\/\/yuenmethod.clickfunnels.com\/sandra-rojas-rivano\" target=\"_blank\" rel=\"noopener noreferrer\"><br \/>\nSandra Rojas Rivano &#8211; Certified Instructor, Chile<\/a><\/strong><\/p>\n<h3>Certified in 2020<\/h3>\n<p><strong><a href=\"https:\/\/yuenmethod.clickfunnels.com\/certified-instructor-ricardo-ortizjk9ah45a\">Certified Instructor &#8211; Ricardo Ortiz<\/a><\/strong><br \/>\n<strong><a href=\"https:\/\/yuenmethod.clickfunnels.com\/certified-instructor-jose-palomoglipgqtr\">Certified Instructor &#8211; Juan Antonio Esteve<\/a><\/strong><\/p>\n<h3>Certified in 2021<\/h3>\n<p><strong><a href=\"https:\/\/yuenmethod.clickfunnels.com\/certified-instructor-dr-milad-meamarian-nd\">Dr. Milad Meamarian, ND &#8211; Certified Instructor<\/a><\/strong><\/p>\n<h3>Certified in 2022<\/h3>\n<p><strong><a href=\"https:\/\/yuenmethod.clickfunnels.com\/optin8315201\" target=\"_blank\" rel=\"noopener noreferrer\">George Laudikos &#8211; Odense C, Syddenmark &#8211; Denmark<\/a><\/strong><br \/>\n<strong><a href=\"https:\/\/yuenmethod.clickfunnels.com\/certified-instructor-jose-palomo\">Certified Instructor &#8211; Jos\u00e9 Palomo<\/a><\/strong><br \/>\n<strong><a href=\"https:\/\/yuenmethod.clickfunnels.com\/certified-instructor-rosalia-arvizuetfg4\">Certified Instructor &#8211; Rosalia Arvizu<\/a><\/strong><\/p>\n<h3>Certified in 2023<\/h3>\n<p><strong><a href=\"https:\/\/yuenmethod.clickfunnels.com\/certified-instructor-michaela-juskova\" target=\"_blank\" rel=\"noopener noreferrer\">Certified Instructor &#8211; Michaela Juskova<\/a><\/strong><br \/>\n<strong><a href=\"https:\/\/yuenmethod.clickfunnels.com\/certified-instructor-martina-romanski\">Certified Instructor &#8211; Martina Romanski<\/a><\/strong><br \/>\n<strong><a href=\"https:\/\/yuenmethod.clickfunnels.com\/certified-instructor-gianella-pino\">Certified Instructor &#8211; Gianella Pino<\/a><\/strong><\/p>\n","protected":false},"excerpt":{"rendered":"<p>What is a Yuen Method Certified Instructor? Yuen Method Certified Instructors have participated in a minimum of six training modules, and at least one, five week Tele-Clinic.\u00a0 They have completed the Official Yuen Method certified consultant one- year program, plus an additional three years of personalized monthly training with Dr. Yuen, and they are required [&hellip;]<\/p>\n","protected":false},"author":1,"featured_media":0,"parent":0,"menu_order":0,"comment_status":"closed","ping_status":"closed","template":"page-full.php","meta":{"footnotes":""},"class_list":["post-1281","page","type-page","status-publish","hentry"],"_links":{"self":[{"href":"https:\/\/yuenmethod.com\/certified_members\/wp-json\/wp\/v2\/pages\/1281","targetHints":{"allow":["GET"]}}],"collection":[{"href":"https:\/\/yuenmethod.com\/certified_members\/wp-json\/wp\/v2\/pages"}],"about":[{"href":"https:\/\/yuenmethod.com\/certified_members\/wp-json\/wp\/v2\/types\/page"}],"author":[{"embeddable":true,"href":"https:\/\/yuenmethod.com\/certified_members\/wp-json\/wp\/v2\/users\/1"}],"replies":[{"embeddable":true,"href":"https:\/\/yuenmethod.com\/certified_members\/wp-json\/wp\/v2\/comments?post=1281"}],"version-history":[{"count":158,"href":"https:\/\/yuenmethod.com\/certified_members\/wp-json\/wp\/v2\/pages\/1281\/revisions"}],"predecessor-version":[{"id":2067,"href":"https:\/\/yuenmethod.com\/certified_members\/wp-json\/wp\/v2\/pages\/1281\/revisions\/2067"}],"wp:attachment":[{"href":"https:\/\/yuenmethod.com\/certified_members\/wp-json\/wp\/v2\/media?parent=1281"}],"curies":[{"name":"wp","href":"https:\/\/api.w.org\/{rel}","templated":true}]}}